{"id":47,"date":"2016-12-27T14:31:37","date_gmt":"2016-12-27T13:31:37","guid":{"rendered":"http:\/\/wdikjue.cluster030.hosting.ovh.net\/?page_id=47"},"modified":"2025-11-12T14:44:43","modified_gmt":"2025-11-12T13:44:43","slug":"fraternite","status":"publish","type":"page","link":"https:\/\/www.filles-de-la-croix-de-liege.be\/index.php\/fraternite\/","title":{"rendered":"Fraternit\u00e9"},"content":{"rendered":"\n<p class=\"has-text-align-center\"><span style=\"color: #ff0000;\"><em><strong>Une Fraternit\u00e9\u2026 Se rencontrer pour aller plus loin\u2026<\/strong><\/em><\/span><\/p>\n\n\n\n<div class=\"wp-block-columns is-layout-flex wp-container-core-columns-is-layout-9d6595d7 wp-block-columns-is-layout-flex\">\n<div class=\"wp-block-column is-layout-flow wp-block-column-is-layout-flow\" style=\"flex-basis:100%\">\n<div class=\"wp-block-columns is-layout-flex wp-container-core-columns-is-layout-9d6595d7 wp-block-columns-is-layout-flex\">\n<div class=\"wp-block-column is-layout-flow wp-block-column-is-layout-flow\">\n<figure class=\"wp-block-image size-large\"><img loading=\"lazy\" decoding=\"async\" width=\"768\" height=\"1024\" src=\"https:\/\/www.filles-de-la-croix-de-liege.be\/wp-content\/uploads\/2016\/12\/Pour-aller-plus-loin-1-768x1024.jpg\" alt=\"\" class=\"wp-image-291\" srcset=\"https:\/\/www.filles-de-la-croix-de-liege.be\/wp-content\/uploads\/2016\/12\/Pour-aller-plus-loin-1.jpg 768w, https:\/\/www.filles-de-la-croix-de-liege.be\/wp-content\/uploads\/2016\/12\/Pour-aller-plus-loin-1-225x300.jpg 225w\" sizes=\"auto, (max-width: 768px) 100vw, 768px\" \/><\/figure>\n<\/div>\n\n\n\n<div class=\"wp-block-column is-layout-flow wp-block-column-is-layout-flow\">\n<p><\/p>\n\n\n\n<p><\/p>\n\n\n\n<p><\/p>\n\n\n\n<p><\/p>\n\n\n\n<p class=\"has-text-align-center\"><span style=\"color: #008000;\"><em>\u00ab\u00a0Fais-moi conna\u00eetre<\/em><\/span><br> <span style=\"color: #008000;\"><em>Tes chemins, Seigneur;<\/em><\/span><br> <span style=\"color: #008000;\"><em>enseigne-moi&nbsp;<\/em><\/span><br> <span style=\"color: #008000;\"><em>Tes routes\u00a0\u00bb<\/em><\/span><\/p>\n\n\n\n<p class=\"has-text-align-center\"><em>Ps 25 (24), v.4<\/em><br> <em>(TOB)<\/em><\/p>\n<\/div>\n\n\n\n<div class=\"wp-block-column is-layout-flow wp-block-column-is-layout-flow\">\n<figure class=\"wp-block-image size-large\"><img loading=\"lazy\" decoding=\"async\" width=\"768\" height=\"1024\" src=\"https:\/\/www.filles-de-la-croix-de-liege.be\/wp-content\/uploads\/2016\/12\/Pour-aller-plus-loin-2-768x1024.jpg\" alt=\"\" class=\"wp-image-293\" srcset=\"https:\/\/www.filles-de-la-croix-de-liege.be\/wp-content\/uploads\/2016\/12\/Pour-aller-plus-loin-2.jpg 768w, https:\/\/www.filles-de-la-croix-de-liege.be\/wp-content\/uploads\/2016\/12\/Pour-aller-plus-loin-2-225x300.jpg 225w\" sizes=\"auto, (max-width: 768px) 100vw, 768px\" \/><\/figure>\n<\/div>\n<\/div>\n<\/div>\n<\/div>\n\n\n\n<ul class=\"wp-block-list\">\n<li>Tu cherches un lieu de relations vraies, o\u00f9 tu sois reconnu(e) tel(le) que tu es, un lieu o\u00f9 partager tes interrogations\u2026<\/li>\n\n\n\n<li>Tu aspires \u00e0 approfondir ta foi en lien avec ton v\u00e9cu quotidien\u2026<\/li>\n\n\n\n<li>Tu penses qu\u2019ensemble, un enrichissement mutuel est possible\u2026<\/li>\n\n\n\n<li>Tu crois que le soutien d\u2019un groupe est porteur de dynamisme, qu\u2019il peut t\u2019aider \u00e0 aller de l\u2019avant\u2026<\/li>\n<\/ul>\n\n\n\n<p class=\"has-text-align-center\"><span style=\"color: #008000;\"><strong><em>Alors, \u00ab Viens et vois \u00bb\u2026<\/em><\/strong><\/span><\/p>\n\n\n\n<p><span style=\"color: #0000ff;\"><em><strong>Qui sommes-nous ? <\/strong><\/em><\/span><\/p>\n\n\n\n<p>Un groupe de chr\u00e9tiens de diff\u00e9rents \u00e9tats de vie, d\u2019\u00e2ges diff\u00e9rents, associ\u00e9s \u00e0 la Congr\u00e9gation des Filles de la Croix de Li\u00e8ge. La \u00ab Fraternit\u00e9 \u00bb est pr\u00e9sente sur diff\u00e9rents continents.<\/p>\n\n\n\n<p><span style=\"color: #0000ff;\"><em><strong>Que vivons-nous ? <\/strong><\/em><\/span><\/p>\n\n\n\n<p>Nous nous inspirons de <a href=\"https:\/\/www.filles-de-la-croix-de-liege.be\/?page_id=30&amp;preview=true\" target=\"_blank\" rel=\"noopener\">la spiritualit\u00e9 des Filles de la Croix : une spiritualit\u00e9 o\u00f9 la Croix est chemin de Vie et de R\u00e9surrection<\/a>, d\u2019o\u00f9 notre nom : <strong><span style=\"color: #008000;\"><em>\u00ab Fraternit\u00e9 de la Croix \u00bb<br>\n<\/em><\/span><\/strong><\/p>\n\n\n<div class=\"wp-block-image\">\n<figure class=\"aligncenter\"><img loading=\"lazy\" decoding=\"async\" width=\"150\" height=\"150\" src=\"https:\/\/www.filles-de-la-croix-de-liege.be\/wp-content\/uploads\/2016\/12\/Croix-FC_Fond-vert_D\u00e9tourage-150x150.png\" alt=\"\" class=\"wp-image-121\"\/><\/figure>\n<\/div>\n\n\n<p class=\"has-text-align-center\"><span style=\"color: #008000;\"><em>\u00ab\u00a0Qui donc est Dieu,<\/em><\/span><br>\n<span style=\"color: #008000;\"><em>qui tire de sa mort<\/em><\/span><br>\n<span style=\"color: #008000;\"><em>notre naissance?<\/em><\/span><br>\n<span style=\"color: #008000;\"><em>&#8230;<br>\nQui donc est Dieu<\/em><\/span><br>\n<span style=\"color: #008000;\"><em>pour nous aimer ainsi?\u00a0\u00bb<\/em><\/span><\/p>\n\n\n\n<p>L\u2019Amour de Dieu nous porte :<\/p>\n\n\n\n<ul class=\"wp-block-list\">\n<li>&nbsp;\u00e0 Le rencontrer dans la pri\u00e8re,<\/li>\n\n\n\n<li>\u00e0 manifester Son Visage de tendresse,<\/li>\n\n\n\n<li>\u00e0 \u00eatre attentifs aux personnes, particuli\u00e8rement les plus meurtries, les plus vuln\u00e9rables.<\/li>\n<\/ul>\n\n\n\n<p><span style=\"color: #0000ff;\"><em><strong>Concr\u00e8tement&#8230;<\/strong><\/em><\/span><\/p>\n\n\n\n<p>Les membres de notre Fraternit\u00e9 se r\u00e9unissent +\/- toutes les six semaines. Un \u00e9change est v\u00e9cu sur un th\u00e8me choisi par le groupe : une question qui nous habite, un sujet d\u2019actualit\u00e9, un passage biblique, un extrait de livre,\u2026 en lien avec le concret de nos vies. Chaque rencontre se termine par un moment de convivialit\u00e9.<\/p>\n\n\n\n<div class=\"wp-block-columns is-layout-flex wp-container-core-columns-is-layout-9d6595d7 wp-block-columns-is-layout-flex\">\n<div class=\"wp-block-column is-layout-flow wp-block-column-is-layout-flow\" style=\"flex-basis:66.66%\">\n<figure class=\"wp-block-image size-large\"><img loading=\"lazy\" decoding=\"async\" width=\"1024\" height=\"768\" src=\"https:\/\/www.filles-de-la-croix-de-liege.be\/wp-content\/uploads\/2017\/01\/Photos-Fraternit\u00e93-1024x768.jpg\" alt=\"\" class=\"wp-image-551\" srcset=\"https:\/\/www.filles-de-la-croix-de-liege.be\/wp-content\/uploads\/2017\/01\/Photos-Fraternit\u00e93-1024x768.jpg 1024w, https:\/\/www.filles-de-la-croix-de-liege.be\/wp-content\/uploads\/2017\/01\/Photos-Fraternit\u00e93-300x225.jpg 300w, https:\/\/www.filles-de-la-croix-de-liege.be\/wp-content\/uploads\/2017\/01\/Photos-Fraternit\u00e93-768x576.jpg 768w, https:\/\/www.filles-de-la-croix-de-liege.be\/wp-content\/uploads\/2017\/01\/Photos-Fraternit\u00e93.jpg 1280w\" sizes=\"auto, (max-width: 1024px) 100vw, 1024px\" \/><\/figure>\n<\/div>\n\n\n\n<div class=\"wp-block-column is-layout-flow wp-block-column-is-layout-flow\" style=\"flex-basis:33.33%\">\n<p><\/p>\n\n\n\n<p><\/p>\n\n\n\n<p><\/p>\n\n\n\n<p><\/p>\n\n\n\n<p class=\"has-text-align-center\"><span style=\"color: #008000;\"><em>\u00ab\u00a0Oh! Quel plaisir,<\/em><\/span><br> <span style=\"color: #008000;\"> <em> quel bonheur<\/em><\/span><br> <span style=\"color: #008000;\"> <em> de se trouver entre fr\u00e8res!\u00a0\u00bb<\/em><\/span><\/p>\n\n\n\n<p class=\"has-text-align-center\"><em>Ps 133 (132), v. 1<br><br>(TOB)<\/em><\/p>\n<\/div>\n<\/div>\n\n\n\n<p class=\"has-text-align-left\">Nourri de ces rencontres, chacun cherche \u00e0 vivre l\u2019\u00c9vangile :<\/p>\n\n\n\n<ul class=\"wp-block-list\">\n<li>\u00e0 son rythme,<\/li>\n\n\n\n<li>sur le terrain qui lui est propre<\/li>\n<\/ul>\n\n\n\n<p>Nous organisons parfois des rencontres plus sp\u00e9ciales.<\/p>\n\n\n\n<p>Par exemple, une journ\u00e9e de ressourcement, dans un monast\u00e8re ou ailleurs<\/p>\n\n\n<div class=\"wp-block-image\">\n<figure class=\"aligncenter\"><a href=\"https:\/\/www.filles-de-la-croix-de-liege.be\/wp-content\/uploads\/2016\/12\/Photos-Fraternit\u00e91.jpg\" rel=\"noopener\"><img loading=\"lazy\" decoding=\"async\" width=\"300\" height=\"225\" src=\"https:\/\/www.filles-de-la-croix-de-liege.be\/wp-content\/uploads\/2016\/12\/Photos-Fraternit\u00e91-300x225.jpg\" alt=\"\" class=\"wp-image-207\" srcset=\"https:\/\/www.filles-de-la-croix-de-liege.be\/wp-content\/uploads\/2016\/12\/Photos-Fraternit\u00e91-300x225.jpg 300w, https:\/\/www.filles-de-la-croix-de-liege.be\/wp-content\/uploads\/2016\/12\/Photos-Fraternit\u00e91-768x576.jpg 768w, https:\/\/www.filles-de-la-croix-de-liege.be\/wp-content\/uploads\/2016\/12\/Photos-Fraternit\u00e91-1024x768.jpg 1024w, https:\/\/www.filles-de-la-croix-de-liege.be\/wp-content\/uploads\/2016\/12\/Photos-Fraternit\u00e91.jpg 1536w\" sizes=\"auto, (max-width: 300px) 100vw, 300px\" \/><\/a><figcaption class=\"wp-element-caption\">Journ\u00e9e de ressourcement au monast\u00e8re d&rsquo;Hurtebise &#8211; retrouvailles avec Florence, ancienne membre de notre Fraternit\u00e9 devenue s\u0153ur Marie-Jean<\/figcaption><\/figure>\n<\/div>\n\n\n<p>Nous sommes aussi invit\u00e9s \u00e0 vivre certains \u00e9v\u00e9nements avec les s\u0153urs:<\/p>\n\n\n\n<ul class=\"wp-block-list\">\n<li>F\u00eates de la Congr\u00e9gation,<\/li>\n\n\n\n<li>Renouvellement des v\u0153ux et engagements,<\/li>\n\n\n\n<li>\u2026<\/li>\n<\/ul>\n\n\n\n<div class=\"wp-block-columns is-layout-flex wp-container-core-columns-is-layout-9d6595d7 wp-block-columns-is-layout-flex\">\n<div class=\"wp-block-column is-layout-flow wp-block-column-is-layout-flow\">\n<figure class=\"wp-block-image size-large\"><img loading=\"lazy\" decoding=\"async\" width=\"1024\" height=\"768\" src=\"https:\/\/www.filles-de-la-croix-de-liege.be\/wp-content\/uploads\/2016\/12\/8-septembre-d\u00eener-1024x768.jpg\" alt=\"F\u00eate du 8 septembre - Renouvellement des v\u0153ux et des engagements - d\u00eener\" class=\"wp-image-310\" srcset=\"https:\/\/www.filles-de-la-croix-de-liege.be\/wp-content\/uploads\/2016\/12\/8-septembre-d\u00eener-1024x768.jpg 1024w, https:\/\/www.filles-de-la-croix-de-liege.be\/wp-content\/uploads\/2016\/12\/8-septembre-d\u00eener-300x225.jpg 300w, https:\/\/www.filles-de-la-croix-de-liege.be\/wp-content\/uploads\/2016\/12\/8-septembre-d\u00eener-768x576.jpg 768w, https:\/\/www.filles-de-la-croix-de-liege.be\/wp-content\/uploads\/2016\/12\/8-septembre-d\u00eener.jpg 1536w\" sizes=\"auto, (max-width: 1024px) 100vw, 1024px\" \/><\/figure>\n\n\n\n<p class=\"has-text-align-center\">F\u00eate du 8 septembre &#8211; Renouvellement des v\u0153ux et des engagements &#8211; d\u00eener<\/p>\n<\/div>\n\n\n\n<div class=\"wp-block-column is-layout-flow wp-block-column-is-layout-flow\">\n<figure class=\"wp-block-image size-large\"><img loading=\"lazy\" decoding=\"async\" width=\"1024\" height=\"768\" src=\"https:\/\/www.filles-de-la-croix-de-liege.be\/wp-content\/uploads\/2016\/12\/Jubil\u00e9-soeur-Fulvie-1024x768.jpg\" alt=\"\" class=\"wp-image-288\" srcset=\"https:\/\/www.filles-de-la-croix-de-liege.be\/wp-content\/uploads\/2016\/12\/Jubil\u00e9-soeur-Fulvie.jpg 1024w, https:\/\/www.filles-de-la-croix-de-liege.be\/wp-content\/uploads\/2016\/12\/Jubil\u00e9-soeur-Fulvie-300x225.jpg 300w, https:\/\/www.filles-de-la-croix-de-liege.be\/wp-content\/uploads\/2016\/12\/Jubil\u00e9-soeur-Fulvie-768x576.jpg 768w\" sizes=\"auto, (max-width: 1024px) 100vw, 1024px\" \/><figcaption class=\"wp-element-caption\">Jubil\u00e9 s\u0153ur Fulvie<\/figcaption><\/figure>\n<\/div>\n<\/div>\n\n\n\n<p class=\"has-text-align-center\"><em><strong><span style=\"color: #0000ff;\">Pour prendre contact :<\/span><\/strong><\/em><\/p>\n\n\n\n<p class=\"has-text-align-center\">Anne-Marie Leclercq<\/p>\n\n\n\n<p class=\"has-text-align-center\">Rue Bernaerts 19<\/p>\n\n\n\n<p class=\"has-text-align-center\">4051 Vaux-sous-Ch\u00e8vremont<\/p>\n\n\n\n<p class=\"has-text-align-center\">04\/365 91 33 0497\/11 55 95<\/p>\n\n\n\n<p class=\"has-text-align-center\">am.lec@skynet.be<\/p>\n\n\n<div class=\"wp-block-image\">\n<figure class=\"aligncenter\"><a href=\"https:\/\/www.filles-de-la-croix-de-liege.be\/wp-content\/uploads\/2016\/12\/Tisseurs-desp\u00e9rance.jpg\" target=\"_blank\" rel=\"noopener\"><img loading=\"lazy\" decoding=\"async\" width=\"300\" height=\"225\" src=\"https:\/\/www.filles-de-la-croix-de-liege.be\/wp-content\/uploads\/2016\/12\/Tisseurs-desp\u00e9rance-300x225.jpg\" alt=\"\" class=\"wp-image-286\" srcset=\"https:\/\/www.filles-de-la-croix-de-liege.be\/wp-content\/uploads\/2016\/12\/Tisseurs-desp\u00e9rance-300x225.jpg 300w, https:\/\/www.filles-de-la-croix-de-liege.be\/wp-content\/uploads\/2016\/12\/Tisseurs-desp\u00e9rance-768x576.jpg 768w, https:\/\/www.filles-de-la-croix-de-liege.be\/wp-content\/uploads\/2016\/12\/Tisseurs-desp\u00e9rance.jpg 1024w\" sizes=\"auto, (max-width: 300px) 100vw, 300px\" \/><\/a><\/figure>\n<\/div>\n\n\n<p class=\"has-text-align-center\"><span style=\"color: #008000;\"><strong><em>\u00ab\u00a0\u00catre tisseurs d\u2019esp\u00e9rance sur la rugueuse toile des jours\u2026\u00a0\u00bb<\/em><\/strong><\/span><\/p>\n\n\n\n<p class=\"has-text-align-center\">(B. R\u00e9villion)<\/p>\n\n\n\n<p class=\"has-text-align-left\"><span style=\"color: #0000ff;\"><em><strong>Liens<\/strong><\/em><\/span><\/p>\n\n\n\n<ul class=\"wp-block-list\">\n<li><a href=\"https:\/\/www.filles-de-la-croix-de-liege.be\/index.php\/2016\/12\/14\/texte-de-lengagement-dans-la-fratenite\/\" target=\"_blank\" rel=\"noopener\"><em>Texte de notre engagement<\/em><\/a><\/li>\n\n\n\n<li><a href=\"https:\/\/www.daughtersofthecross.org.uk\/our-associates\" target=\"_blank\" rel=\"noopener\"><em>Page analogue sur le site de la Province Anglaise<\/em><\/a><\/li>\n<\/ul>\n\n\n\n<p><\/p>\n","protected":false},"excerpt":{"rendered":"<p>Une Fraternit\u00e9\u2026 Se rencontrer pour aller plus loin\u2026 \u00ab\u00a0Fais-moi conna\u00eetre Tes chemins, Seigneur; enseigne-moi&nbsp; Tes routes\u00a0\u00bb Ps 25 (24), v.4 (TOB) Alors, \u00ab Viens et vois \u00bb\u2026 Qui sommes-nous ? Un groupe de chr\u00e9tiens de diff\u00e9rents \u00e9tats de vie, d\u2019\u00e2ges <span class=\"excerpt-dots\">&hellip;<\/span> <a class=\"more-link\" href=\"https:\/\/www.filles-de-la-croix-de-liege.be\/index.php\/fraternite\/\"><span class=\"more-msg\">Lire la suite &rarr;<\/span><\/a><\/p>\n","protected":false},"author":1,"featured_media":0,"parent":0,"menu_order":0,"comment_status":"closed","ping_status":"closed","template":"","meta":{"footnotes":""},"class_list":["post-47","page","type-page","status-publish","hentry"],"_links":{"self":[{"href":"https:\/\/www.filles-de-la-croix-de-liege.be\/index.php\/wp-json\/wp\/v2\/pages\/47","targetHints":{"allow":["GET"]}}],"collection":[{"href":"https:\/\/www.filles-de-la-croix-de-liege.be\/index.php\/wp-json\/wp\/v2\/pages"}],"about":[{"href":"https:\/\/www.filles-de-la-croix-de-liege.be\/index.php\/wp-json\/wp\/v2\/types\/page"}],"author":[{"embeddable":true,"href":"https:\/\/www.filles-de-la-croix-de-liege.be\/index.php\/wp-json\/wp\/v2\/users\/1"}],"replies":[{"embeddable":true,"href":"https:\/\/www.filles-de-la-croix-de-liege.be\/index.php\/wp-json\/wp\/v2\/comments?post=47"}],"version-history":[{"count":125,"href":"https:\/\/www.filles-de-la-croix-de-liege.be\/index.php\/wp-json\/wp\/v2\/pages\/47\/revisions"}],"predecessor-version":[{"id":1410,"href":"https:\/\/www.filles-de-la-croix-de-liege.be\/index.php\/wp-json\/wp\/v2\/pages\/47\/revisions\/1410"}],"wp:attachment":[{"href":"https:\/\/www.filles-de-la-croix-de-liege.be\/index.php\/wp-json\/wp\/v2\/media?parent=47"}],"curies":[{"name":"wp","href":"https:\/\/api.w.org\/{rel}","templated":true}]}}