{"id":851,"date":"2017-02-07T09:54:42","date_gmt":"2017-02-07T08:54:42","guid":{"rendered":"http:\/\/wdikjue.cluster030.hosting.ovh.net\/?page_id=851"},"modified":"2019-03-06T11:22:27","modified_gmt":"2019-03-06T10:22:27","slug":"les-oeuvres-dans-la-province-wallone","status":"publish","type":"page","link":"https:\/\/www.filles-de-la-croix-de-liege.be\/index.php\/les-oeuvres-dans-la-province-wallone\/","title":{"rendered":"Dans la Province wallone"},"content":{"rendered":"<ul>\n<li style=\"text-align: justify;\">D\u00e9j\u00e0 avant la fondation de la Congr\u00e9gation des Filles de la Croix , Jeanne Haze (en religion, M\u00e8re Marie-Th\u00e9r\u00e8se) et sa s\u0153ur, Ferdinande, consacraient leur vie \u00e0 venir en aide de mille mani\u00e8res aux n\u00e9cessiteux de Li\u00e8ge: <strong><em>\u00ab on les voyait aller et venir comme des anges de charit\u00e9 toujours \u00e0 l&rsquo;aff\u00fbt de quelque bien \u00e0 faire \u00bb<\/em><\/strong>.<\/li>\n<\/ul>\n<ul>\n<li style=\"text-align: justify;\">En 1829, elles accept\u00e8rent de diriger l\u2018\u00e9cole primaire pour filles, fond\u00e9e par le doyen de Saint-Barth\u00e9lemy.<\/li>\n<\/ul>\n<ul>\n<li style=\"text-align: justify;\">D\u00e8s sa fondation, la Congr\u00e9gation des Filles de la Croix se d\u00e9ploie dans deux directions : <a href=\"https:\/\/www.filles-de-la-croix-de-liege.be\/index.php\/oeuvres-denseignement\/\" target=\"_blank\"><strong>l&rsquo;instruction des jeunes de tous les milieux<\/strong><\/a> et <a href=\"https:\/\/www.filles-de-la-croix-de-liege.be\/index.php\/oeuvres-sociales\/\" target=\"_blank\"><strong>l&rsquo;aide aux plus pauvres<\/strong><\/a>.<\/li>\n<\/ul>\n<ul>\n<li style=\"text-align: justify;\">Depuis la seconde moiti\u00e9 du XXe si\u00e8cle, les vocations se faisant plus rares, la Congr\u00e9gation des Filles de la Croix a transmis petit \u00e0 petit la gestion et la direction des institutions qu&rsquo;elle a fond\u00e9es en Wallonie \u00e0 des la\u00efcs qui continuent \u00e0 perp\u00e9tuer l&rsquo;esprit de M\u00e8re Marie-Th\u00e9r\u00e8se.<\/li>\n<li style=\"text-align: justify;\">Aujourd&rsquo;hui les Filles de la Croix dans la province wallonne, se r\u00e9partissent en 4 Communaut\u00e9s et quelques implantations individuelles. Certaines jouissent d&rsquo;un repos bien m\u00e9rit\u00e9 \u00e0 la Maison de Repos St Joseph du Beauregard. D&rsquo;autres vivent leurs engagements apostoliques en communion avec diverses r\u00e9alit\u00e9s d&rsquo;Eglise ou de services \u00e0 la soci\u00e9t\u00e9: engagements en paroisse, visites aux prisonniers, aux malades et aux personnes \u00e2g\u00e9es, participation \u00e0 l&rsquo;ASBL LCoiff&rsquo;, permanence au <a href=\"http:\/\/www.banneux-nd.be\/\" target=\"_blank\"><em><strong>Sanctuaire de Banneux<\/strong><\/em><\/a>, animation du Centre l&rsquo;Annonciation, participation \u00e0 l&rsquo;ASBL Famille Sans Fronti\u00e8res.<\/li>\n<\/ul>\n<p>&nbsp;<\/p>\n<p style=\"text-align: justify;\">Vous trouverez ci-dessous les tableaux r\u00e9capitulatifs des principales \u0153uvres depuis la fondation jusqu&rsquo;\u00e0 nos jours. Cliquez sur chaque tableau pour ouvrir la page correspondante avec les d\u00e9tails.<\/p>\n<p style=\"text-align: justify;\"><a href=\"https:\/\/www.filles-de-la-croix-de-liege.be\/index.php\/oeuvres-denseignement\/\" target=\"_blank\"><img loading=\"lazy\" decoding=\"async\" class=\"alignnone wp-image-1298 size-full\" src=\"https:\/\/www.filles-de-la-croix-de-liege.be\/wp-content\/uploads\/2017\/02\/Oeuvres-denseignement.jpg\" alt=\"\" width=\"1240\" height=\"1754\" srcset=\"https:\/\/www.filles-de-la-croix-de-liege.be\/wp-content\/uploads\/2017\/02\/Oeuvres-denseignement.jpg 1240w, https:\/\/www.filles-de-la-croix-de-liege.be\/wp-content\/uploads\/2017\/02\/Oeuvres-denseignement-212x300.jpg 212w, https:\/\/www.filles-de-la-croix-de-liege.be\/wp-content\/uploads\/2017\/02\/Oeuvres-denseignement-768x1086.jpg 768w, https:\/\/www.filles-de-la-croix-de-liege.be\/wp-content\/uploads\/2017\/02\/Oeuvres-denseignement-724x1024.jpg 724w\" sizes=\"auto, (max-width: 1240px) 100vw, 1240px\" \/><\/a><\/p>\n<p style=\"text-align: justify;\"><a href=\"https:\/\/www.filles-de-la-croix-de-liege.be\/index.php\/oeuvres-sociales\/\" target=\"_blank\"><img loading=\"lazy\" decoding=\"async\" class=\"alignnone wp-image-1300 size-full\" src=\"https:\/\/www.filles-de-la-croix-de-liege.be\/wp-content\/uploads\/2017\/02\/Oeuvres-sociales-1.jpg\" alt=\"\" width=\"1240\" height=\"1754\" srcset=\"https:\/\/www.filles-de-la-croix-de-liege.be\/wp-content\/uploads\/2017\/02\/Oeuvres-sociales-1.jpg 1240w, https:\/\/www.filles-de-la-croix-de-liege.be\/wp-content\/uploads\/2017\/02\/Oeuvres-sociales-1-212x300.jpg 212w, https:\/\/www.filles-de-la-croix-de-liege.be\/wp-content\/uploads\/2017\/02\/Oeuvres-sociales-1-768x1086.jpg 768w, https:\/\/www.filles-de-la-croix-de-liege.be\/wp-content\/uploads\/2017\/02\/Oeuvres-sociales-1-724x1024.jpg 724w\" sizes=\"auto, (max-width: 1240px) 100vw, 1240px\" \/><\/a><\/p>\n<p style=\"text-align: justify;\">\n<p>&nbsp;<\/p>\n<p>&nbsp;<\/p>\n<p>&nbsp;<\/p>\n","protected":false},"excerpt":{"rendered":"<p>D\u00e9j\u00e0 avant la fondation de la Congr\u00e9gation des Filles de la Croix , Jeanne Haze (en religion, M\u00e8re Marie-Th\u00e9r\u00e8se) et sa s\u0153ur, Ferdinande, consacraient leur vie \u00e0 venir en aide de mille mani\u00e8res aux n\u00e9cessiteux de Li\u00e8ge: \u00ab on les <span class=\"excerpt-dots\">&hellip;<\/span> <a class=\"more-link\" href=\"https:\/\/www.filles-de-la-croix-de-liege.be\/index.php\/les-oeuvres-dans-la-province-wallone\/\"><span class=\"more-msg\">Lire la suite &rarr;<\/span><\/a><\/p>\n","protected":false},"author":1,"featured_media":0,"parent":0,"menu_order":0,"comment_status":"closed","ping_status":"closed","template":"","meta":{"footnotes":""},"class_list":["post-851","page","type-page","status-publish","hentry"],"_links":{"self":[{"href":"https:\/\/www.filles-de-la-croix-de-liege.be\/index.php\/wp-json\/wp\/v2\/pages\/851","targetHints":{"allow":["GET"]}}],"collection":[{"href":"https:\/\/www.filles-de-la-croix-de-liege.be\/index.php\/wp-json\/wp\/v2\/pages"}],"about":[{"href":"https:\/\/www.filles-de-la-croix-de-liege.be\/index.php\/wp-json\/wp\/v2\/types\/page"}],"author":[{"embeddable":true,"href":"https:\/\/www.filles-de-la-croix-de-liege.be\/index.php\/wp-json\/wp\/v2\/users\/1"}],"replies":[{"embeddable":true,"href":"https:\/\/www.filles-de-la-croix-de-liege.be\/index.php\/wp-json\/wp\/v2\/comments?post=851"}],"version-history":[{"count":33,"href":"https:\/\/www.filles-de-la-croix-de-liege.be\/index.php\/wp-json\/wp\/v2\/pages\/851\/revisions"}],"predecessor-version":[{"id":1383,"href":"https:\/\/www.filles-de-la-croix-de-liege.be\/index.php\/wp-json\/wp\/v2\/pages\/851\/revisions\/1383"}],"wp:attachment":[{"href":"https:\/\/www.filles-de-la-croix-de-liege.be\/index.php\/wp-json\/wp\/v2\/media?parent=851"}],"curies":[{"name":"wp","href":"https:\/\/api.w.org\/{rel}","templated":true}]}}